{"id":8,"date":"2016-05-23T16:52:37","date_gmt":"2016-05-23T15:52:37","guid":{"rendered":"http:\/\/dr-rent.cz\/?page_id=8"},"modified":"2023-04-24T11:53:10","modified_gmt":"2023-04-24T10:53:10","slug":"contact","status":"publish","type":"page","link":"https:\/\/dr-rent.cz\/ru\/contact\/","title":{"rendered":"\u041a\u043e\u043d\u0442\u0430\u043a\u0442"},"content":{"rendered":"<p><strong>Flexi Rental Services s.r.o.<\/strong><br \/>\nU Peka\u0159ky 484\/1c<br \/>\nPraha 8 \u2013 Libe\u0148<\/p>\n<p><strong>E-mail:<\/strong> <a href=\"mailto:drrent@seznam.cz\">vivaauto@seznam.cz<\/a><\/p>\n<p><strong>Tel:<\/strong>\u00a0+420 724 707 908 \u2013 cz \/ eng<\/p>\n<p><span id=\"result_box\" class=\"\" lang=\"ru\"><strong>\u0427\u0430\u0441\u044b \u0440\u0430\u0431\u043e\u0442\u044b:<\/strong><\/span><\/p>\n<p><span class=\"\">\u041f\u043e\u043d\u0435\u0434\u0435\u043b\u044c\u043d\u0438\u043a<\/span> <span class=\"\">8<\/span> <span class=\"\">-18<\/span><br \/>\n\u0412\u0442\u043e\u0440\u043d\u0438\u043a\u00a0\u00a0\u00a0\u00a0\u00a0\u00a0\u00a0\u00a0\u00a0 8- 18<br \/>\n\u0441\u0440\u0435\u0434\u0430\u00a0\u00a0\u00a0\u00a0\u00a0\u00a0\u00a0\u00a0\u00a0\u00a0\u00a0\u00a0\u00a0\u00a0\u00a0 8-18<br \/>\n\u0427\u0435\u0442\u0432\u0435\u0440\u0433\u00a0\u00a0\u00a0\u00a0\u00a0\u00a0\u00a0\u00a0\u00a0\u00a0 8-18<br \/>\n\u041f\u044f\u0442\u043d\u0438\u0446\u0430\u00a0\u00a0\u00a0\u00a0\u00a0\u00a0\u00a0\u00a0 8-18<br \/>\n\u041f\u043e \u0441\u0443\u0431\u0431\u043e\u0442\u0430\u043c, \u0432\u043e\u0441\u043a\u0440\u0435\u0441\u0435\u043d\u044c\u044f\u043c \u0438 \u043f\u0440\u0430\u0437\u0434\u043d\u0438\u0447\u043d\u044b\u043c \u0434\u043d\u044f\u043c <span class=\"\">\u043f\u043e \u043f\u0440\u0435\u0434\u0432\u0430\u0440\u0438\u0442\u0435\u043b\u044c\u043d\u043e\u0439 \u0437\u0430\u043f\u0438\u0441\u0438<\/span><\/p>\n<p><iframe loading=\"lazy\" style=\"border: 0;\" src=\"https:\/\/www.google.com\/maps\/embed?pb=!1m18!1m12!1m3!1d2558.568421748532!2d14.477961415481959!3d50.11308457943016!2m3!1f0!2f0!3f0!3m2!1i1024!2i768!4f13.1!3m3!1m2!1s0x470beca8d412d239%3A0x4069cbc23b8dcde5!2sU%20Peka%C5%99ky%20484%2F1%2C%20180%2000%20Praha%208!5e0!3m2!1scs!2scz!4v1678608676337!5m2!1scs!2scz\" width=\"100%\" height=\"450\" allowfullscreen=\"allowfullscreen\"><\/iframe><\/p>\n<p><strong><span id=\"result_box\" class=\"short_text\" lang=\"ru\"><span class=\"\">O\u043f\u0435\u0440\u0430\u0442\u043e\u0440<\/span><\/span><\/strong><\/p>\n<p>Flexi Rental Services s.r.o.<\/p>\n<p>Namesti G. Karse 2068<\/p>\n<p>27801 Kralupy nad Vltavou<\/p>\n<p><span id=\"result_box\" class=\"short_text\" lang=\"ru\"><span class=\"\">\u041d\u0414\u0421<\/span><\/span>: CZ04518250<\/p>\n<p><strong><span id=\"result_box\" class=\"\" lang=\"ru\"><span class=\"hps\">\u041a\u0430\u043a \u0442\u0443\u0434\u0430 \u0434\u043e\u0431\u0440\u0430\u0442\u044c\u0441\u044f?<\/span><\/span><\/strong><\/p>\n<p><span class=\"hps\">\u0422\u0440\u0430\u043c\u0432\u0430\u0439<\/span> <span class=\"hps\">3 \u0438<\/span> <span class=\"hps\">10<\/span> <span class=\"hps\">\u043e\u0442 \u0441\u0442\u0430\u043d\u0446\u0438\u0438<\/span> <span class=\"hps\">\u043a<\/span> <span class=\"hps\">\u0441\u0442\u0430\u043d\u0446\u0438\u0438<\/span> <span class=\"hps\">\u041f\u0430\u043b\u043c\u043e\u0432\u043a\u0430<\/span>: <span class=\"hps\">U k\u0159\u00ed\u017ee<\/span>, <span class=\"hps\">\u0437\u0430\u0442\u0435\u043c \u043f\u0435\u0448\u043a\u043e\u043c<\/span> <span class=\"hps\">\u043d\u0430 \u0443\u043b\u0438\u0446\u0443<\/span>: <span class=\"hps\">SRBOVA<\/span>, <span class=\"hps\">\u043f\u0435\u0440\u0435\u0441\u0435\u0447\u044c \u0443\u043b\u0438\u0446\u0443<\/span> <span class=\"hps\">Franti\u0161ka Kadlece<\/span>, \u0430 \u0437\u0430\u0442\u0435\u043c \u0432 <span class=\"hps\">\u0441\u043b\u043e\u0436\u043d\u043e\u0439<\/span> <span class=\"hps\">\u043f\u0430\u0440\u043a\u043e\u0432\u043a\u0435<\/span>.<\/p>\n<p><span class=\"hps\"><span id=\"result_box\" class=\"\" lang=\"ru\">\u0410\u0432\u0442\u043e\u0431\u0443\u0441 \u2116 140, 185 \u043e\u0442 \u0441\u0442\u0430\u043d\u0446\u0438\u0438 \u043c\u0435\u0442\u0440\u043e \u041f\u0440\u043e\u0441\u0435\u043a \u0434\u043e \u0441\u0442\u0430\u043d\u0446\u0438\u0438. <span class=\"\">Kundratka<\/span><\/span><\/span><\/p>\n<p><span class=\"hps\"><span id=\"result_box\" class=\"\" lang=\"ru\">\u0418\u043b\u0438 \u0436\u0435, \u043c\u044b \u043c\u043e\u0436\u0435\u043c \u0437\u0430\u0431\u0440\u0430\u0442\u044c \u0432\u0430\u0441 \u043d\u0430 \u0441\u0442\u0430\u043d\u0446\u0438\u0438 \u043c\u0435\u0442\u0440\u043e &#171;B&#187; PALMOVKA \u0438\u043b\u0438 \u043f\u043e\u0434\u043e\u043f\u0435\u0447\u043d\u043e\u0433\u043e &#171;C&#187; PROSEK<span class=\"\">.<\/span><\/span><\/span><\/p>","protected":false},"excerpt":{"rendered":"<p>Flexi Rental Services s.r.o. U Peka\u0159ky 484\/1c Praha 8 \u2013 Libe\u0148 E-mail: vivaauto@seznam.cz Tel:\u00a0+420 724 707 908 \u2013 cz \/ [&hellip;]<\/p>\n","protected":false},"author":1,"featured_media":43,"parent":0,"menu_order":0,"comment_status":"closed","ping_status":"closed","template":"","meta":[],"acf":[],"_links":{"self":[{"href":"https:\/\/dr-rent.cz\/ru\/wp-json\/wp\/v2\/pages\/8"}],"collection":[{"href":"https:\/\/dr-rent.cz\/ru\/wp-json\/wp\/v2\/pages"}],"about":[{"href":"https:\/\/dr-rent.cz\/ru\/wp-json\/wp\/v2\/types\/page"}],"author":[{"embeddable":true,"href":"https:\/\/dr-rent.cz\/ru\/wp-json\/wp\/v2\/users\/1"}],"replies":[{"embeddable":true,"href":"https:\/\/dr-rent.cz\/ru\/wp-json\/wp\/v2\/comments?post=8"}],"version-history":[{"count":21,"href":"https:\/\/dr-rent.cz\/ru\/wp-json\/wp\/v2\/pages\/8\/revisions"}],"predecessor-version":[{"id":444,"href":"https:\/\/dr-rent.cz\/ru\/wp-json\/wp\/v2\/pages\/8\/revisions\/444"}],"wp:featuredmedia":[{"embeddable":true,"href":"https:\/\/dr-rent.cz\/ru\/wp-json\/wp\/v2\/media\/43"}],"wp:attachment":[{"href":"https:\/\/dr-rent.cz\/ru\/wp-json\/wp\/v2\/media?parent=8"}],"curies":[{"name":"wp","href":"https:\/\/api.w.org\/{rel}","templated":true}]}}